{"id":535,"date":"2023-05-26T11:14:15","date_gmt":"2023-05-26T11:14:15","guid":{"rendered":"https:\/\/altes-hinterhaeusel.de\/schusterei\/?page_id=535"},"modified":"2026-03-05T09:24:40","modified_gmt":"2026-03-05T09:24:40","slug":"preise","status":"publish","type":"page","link":"https:\/\/altes-hinterhaeusel.de\/schusterei\/preise\/","title":{"rendered":"Preise"},"content":{"rendered":"\n<h2 id=\"wp-block-themeisle-blocks-advanced-heading-8ef442eb\" class=\"wp-block-themeisle-blocks-advanced-heading wp-block-themeisle-blocks-advanced-heading-8ef442eb\">pro Nacht ab 125 EUR f\u00fcr 2 Personen<br>pro Nacht ab 120 EUR f\u00fcr eine Person<\/h2>\n\n\n\n<p>Aufbettung ab 30 EUR pro Person<br>ab 2 N\u00e4chten buchbar<br>inklusive Strom, Wasser, Heizkosten, Endreinigung, Bettw\u00e4sche, Handt\u00fccher<\/p>\n\n\n\n<p>Fr\u00fchst\u00fcck 20,00 EUR pro Person<br><br>Zu speziellen Terminen und am Wochenende behalten wir uns vor, ge\u00e4nderte Preise anzubieten.<\/p>\n\n\n\n<ul class=\"wp-block-list\">\n<li>Anreise ab 15.30 Uhr<\/li>\n\n\n\n<li>Abreise bis 10.30 Uhr<\/li>\n<\/ul>\n\n\n\n<p><br>Zahlung bei Abreise in bar\u00a0oder Kreditkartenzahlung ist m\u00f6glich.<\/p>\n\n\n\n<figure class=\"wp-block-gallery has-nested-images columns-default is-cropped wp-block-gallery-1 is-layout-flex wp-block-gallery-is-layout-flex\">\n<figure class=\"wp-block-image size-large\"><img loading=\"lazy\" decoding=\"async\" width=\"1024\" height=\"768\" data-id=\"536\" src=\"https:\/\/altes-hinterhaeusel.de\/schusterei\/wp-content\/uploads\/2023\/05\/IMG-20230508-WA0024-1024x768.jpg\" alt=\"\" class=\"wp-image-536\" srcset=\"https:\/\/altes-hinterhaeusel.de\/schusterei\/wp-content\/uploads\/2023\/05\/IMG-20230508-WA0024-1024x768.jpg 1024w, https:\/\/altes-hinterhaeusel.de\/schusterei\/wp-content\/uploads\/2023\/05\/IMG-20230508-WA0024-300x225.jpg 300w, https:\/\/altes-hinterhaeusel.de\/schusterei\/wp-content\/uploads\/2023\/05\/IMG-20230508-WA0024-768x576.jpg 768w, https:\/\/altes-hinterhaeusel.de\/schusterei\/wp-content\/uploads\/2023\/05\/IMG-20230508-WA0024-1536x1152.jpg 1536w, https:\/\/altes-hinterhaeusel.de\/schusterei\/wp-content\/uploads\/2023\/05\/IMG-20230508-WA0024.jpg 2016w\" sizes=\"auto, (max-width: 1024px) 100vw, 1024px\" \/><\/figure>\n<\/figure>\n","protected":false},"excerpt":{"rendered":"<p>Aufbettung ab 30 EUR pro Personab 2 N\u00e4chten buchbarinklusive Strom, Wasser, Heizkosten, Endreinigung, Bettw\u00e4sche, Handt\u00fccher Fr\u00fchst\u00fcck 20,00 EUR pro Person Zu speziellen Terminen und am Wochenende behalten wir uns vor, ge\u00e4nderte Preise anzubieten. Zahlung bei Abreise in bar\u00a0oder Kreditkartenzahlung ist m\u00f6glich.<\/p>\n","protected":false},"author":1,"featured_media":0,"parent":0,"menu_order":0,"comment_status":"closed","ping_status":"closed","template":"","meta":{"neve_meta_sidebar":"","neve_meta_container":"","neve_meta_enable_content_width":"","neve_meta_content_width":0,"neve_meta_title_alignment":"","neve_meta_author_avatar":"","neve_post_elements_order":"","neve_meta_disable_header":"","neve_meta_disable_footer":"","neve_meta_disable_title":"","_themeisle_gutenberg_block_has_review":false,"footnotes":""},"class_list":["post-535","page","type-page","status-publish","hentry"],"_links":{"self":[{"href":"https:\/\/altes-hinterhaeusel.de\/schusterei\/wp-json\/wp\/v2\/pages\/535","targetHints":{"allow":["GET"]}}],"collection":[{"href":"https:\/\/altes-hinterhaeusel.de\/schusterei\/wp-json\/wp\/v2\/pages"}],"about":[{"href":"https:\/\/altes-hinterhaeusel.de\/schusterei\/wp-json\/wp\/v2\/types\/page"}],"author":[{"embeddable":true,"href":"https:\/\/altes-hinterhaeusel.de\/schusterei\/wp-json\/wp\/v2\/users\/1"}],"replies":[{"embeddable":true,"href":"https:\/\/altes-hinterhaeusel.de\/schusterei\/wp-json\/wp\/v2\/comments?post=535"}],"version-history":[{"count":14,"href":"https:\/\/altes-hinterhaeusel.de\/schusterei\/wp-json\/wp\/v2\/pages\/535\/revisions"}],"predecessor-version":[{"id":670,"href":"https:\/\/altes-hinterhaeusel.de\/schusterei\/wp-json\/wp\/v2\/pages\/535\/revisions\/670"}],"wp:attachment":[{"href":"https:\/\/altes-hinterhaeusel.de\/schusterei\/wp-json\/wp\/v2\/media?parent=535"}],"curies":[{"name":"wp","href":"https:\/\/api.w.org\/{rel}","templated":true}]}}