{"id":41,"date":"2023-11-06T13:00:29","date_gmt":"2023-11-06T13:00:29","guid":{"rendered":"https:\/\/altes-hinterhaeusel.de\/hotel\/?page_id=41"},"modified":"2026-03-05T09:38:18","modified_gmt":"2026-03-05T09:38:18","slug":"preise","status":"publish","type":"page","link":"https:\/\/altes-hinterhaeusel.de\/hotel\/index.php\/preise\/","title":{"rendered":"Preise"},"content":{"rendered":"\n<figure class=\"wp-block-image size-full\"><img loading=\"lazy\" decoding=\"async\" width=\"1600\" height=\"700\" src=\"https:\/\/altes-hinterhaeusel.de\/hotel\/wp-content\/uploads\/2023\/11\/IMG-20210801-WA0004.jpg\" alt=\"\" class=\"wp-image-175\" srcset=\"https:\/\/altes-hinterhaeusel.de\/hotel\/wp-content\/uploads\/2023\/11\/IMG-20210801-WA0004.jpg 1600w, https:\/\/altes-hinterhaeusel.de\/hotel\/wp-content\/uploads\/2023\/11\/IMG-20210801-WA0004-300x131.jpg 300w, https:\/\/altes-hinterhaeusel.de\/hotel\/wp-content\/uploads\/2023\/11\/IMG-20210801-WA0004-1024x448.jpg 1024w, https:\/\/altes-hinterhaeusel.de\/hotel\/wp-content\/uploads\/2023\/11\/IMG-20210801-WA0004-768x336.jpg 768w, https:\/\/altes-hinterhaeusel.de\/hotel\/wp-content\/uploads\/2023\/11\/IMG-20210801-WA0004-1536x672.jpg 1536w\" sizes=\"auto, (max-width: 1600px) 100vw, 1600px\" \/><\/figure>\n\n\n\n<h2 class=\"wp-block-heading\" id=\"wp-block-themeisle-blocks-advanced-heading-8ef442eb\">1 Nacht Doppelzimmer, Balkon und Fr\u00fchst\u00fcck &#8211; ab 135,00 EUR f\u00fcr 2 Personen<br>1 Nacht Doppelzimmer, Balkon und Fr\u00fchst\u00fcck &#8211; ab 115,00 EUR f\u00fcr 1 Person<\/h2>\n\n\n\n<p>Zu speziellen Terminen und am Wochenende behalten wir uns vor, ge\u00e4nderte Preise anzubieten. <\/p>\n\n\n\n<ul class=\"wp-block-list\">\n<li>Anreise ab 15.30 Uhr<\/li>\n\n\n\n<li>Abreise bis 10.30 Uhr<\/li>\n<\/ul>\n\n\n\n<p>Zahlung bei Abreise in bar und mit Kreditkarte m\u00f6glich.<\/p>\n\n\n\n<p>Bitte beachten Sie, dass aus Brandschutzgr\u00fcnden auf Balkonen und Terrassen das Rauchen nicht erlaubt ist. Es stehen jedoch \u00fcberdachte Raucherbereiche sowie Aschenbecher in unserem Garten bereit.<\/p>\n","protected":false},"excerpt":{"rendered":"<p>1 Nacht Doppelzimmer, Balkon und Fr\u00fchst\u00fcck &#8211; ab 135,00 EUR f\u00fcr 2 Personen1 Nacht Doppelzimmer, Balkon und Fr\u00fchst\u00fcck &#8211; ab 115,00 EUR f\u00fcr 1 Person Zu speziellen Terminen und am Wochenende behalten wir uns vor, ge\u00e4nderte Preise anzubieten. Zahlung bei Abreise in bar und mit Kreditkarte m\u00f6glich. Bitte beachten Sie, dass aus Brandschutzgr\u00fcnden auf Balkonen [&hellip;]<\/p>\n","protected":false},"author":1,"featured_media":0,"parent":0,"menu_order":0,"comment_status":"closed","ping_status":"closed","template":"","meta":{"ocean_post_layout":"","ocean_both_sidebars_style":"","ocean_both_sidebars_content_width":0,"ocean_both_sidebars_sidebars_width":0,"ocean_sidebar":"","ocean_second_sidebar":"","ocean_disable_margins":"enable","ocean_add_body_class":"","ocean_shortcode_before_top_bar":"","ocean_shortcode_after_top_bar":"","ocean_shortcode_before_header":"","ocean_shortcode_after_header":"","ocean_has_shortcode":"","ocean_shortcode_after_title":"","ocean_shortcode_before_footer_widgets":"","ocean_shortcode_after_footer_widgets":"","ocean_shortcode_before_footer_bottom":"","ocean_shortcode_after_footer_bottom":"","ocean_display_top_bar":"default","ocean_display_header":"default","ocean_header_style":"","ocean_center_header_left_menu":"","ocean_custom_header_template":"","ocean_custom_logo":0,"ocean_custom_retina_logo":0,"ocean_custom_logo_max_width":0,"ocean_custom_logo_tablet_max_width":0,"ocean_custom_logo_mobile_max_width":0,"ocean_custom_logo_max_height":0,"ocean_custom_logo_tablet_max_height":0,"ocean_custom_logo_mobile_max_height":0,"ocean_header_custom_menu":"","ocean_menu_typo_font_family":"","ocean_menu_typo_font_subset":"","ocean_menu_typo_font_size":0,"ocean_menu_typo_font_size_tablet":0,"ocean_menu_typo_font_size_mobile":0,"ocean_menu_typo_font_size_unit":"px","ocean_menu_typo_font_weight":"","ocean_menu_typo_font_weight_tablet":"","ocean_menu_typo_font_weight_mobile":"","ocean_menu_typo_transform":"","ocean_menu_typo_transform_tablet":"","ocean_menu_typo_transform_mobile":"","ocean_menu_typo_line_height":0,"ocean_menu_typo_line_height_tablet":0,"ocean_menu_typo_line_height_mobile":0,"ocean_menu_typo_line_height_unit":"","ocean_menu_typo_spacing":0,"ocean_menu_typo_spacing_tablet":0,"ocean_menu_typo_spacing_mobile":0,"ocean_menu_typo_spacing_unit":"","ocean_menu_link_color":"","ocean_menu_link_color_hover":"","ocean_menu_link_color_active":"","ocean_menu_link_background":"","ocean_menu_link_hover_background":"","ocean_menu_link_active_background":"","ocean_menu_social_links_bg":"","ocean_menu_social_hover_links_bg":"","ocean_menu_social_links_color":"","ocean_menu_social_hover_links_color":"","ocean_disable_title":"default","ocean_disable_heading":"default","ocean_post_title":"","ocean_post_subheading":"","ocean_post_title_style":"","ocean_post_title_background_color":"","ocean_post_title_background":0,"ocean_post_title_bg_image_position":"","ocean_post_title_bg_image_attachment":"","ocean_post_title_bg_image_repeat":"","ocean_post_title_bg_image_size":"","ocean_post_title_height":0,"ocean_post_title_bg_overlay":0.5,"ocean_post_title_bg_overlay_color":"","ocean_disable_breadcrumbs":"default","ocean_breadcrumbs_color":"","ocean_breadcrumbs_separator_color":"","ocean_breadcrumbs_links_color":"","ocean_breadcrumbs_links_hover_color":"","ocean_display_footer_widgets":"default","ocean_display_footer_bottom":"default","ocean_custom_footer_template":"","footnotes":""},"class_list":["post-41","page","type-page","status-publish","hentry","entry"],"_links":{"self":[{"href":"https:\/\/altes-hinterhaeusel.de\/hotel\/index.php\/wp-json\/wp\/v2\/pages\/41","targetHints":{"allow":["GET"]}}],"collection":[{"href":"https:\/\/altes-hinterhaeusel.de\/hotel\/index.php\/wp-json\/wp\/v2\/pages"}],"about":[{"href":"https:\/\/altes-hinterhaeusel.de\/hotel\/index.php\/wp-json\/wp\/v2\/types\/page"}],"author":[{"embeddable":true,"href":"https:\/\/altes-hinterhaeusel.de\/hotel\/index.php\/wp-json\/wp\/v2\/users\/1"}],"replies":[{"embeddable":true,"href":"https:\/\/altes-hinterhaeusel.de\/hotel\/index.php\/wp-json\/wp\/v2\/comments?post=41"}],"version-history":[{"count":8,"href":"https:\/\/altes-hinterhaeusel.de\/hotel\/index.php\/wp-json\/wp\/v2\/pages\/41\/revisions"}],"predecessor-version":[{"id":343,"href":"https:\/\/altes-hinterhaeusel.de\/hotel\/index.php\/wp-json\/wp\/v2\/pages\/41\/revisions\/343"}],"wp:attachment":[{"href":"https:\/\/altes-hinterhaeusel.de\/hotel\/index.php\/wp-json\/wp\/v2\/media?parent=41"}],"curies":[{"name":"wp","href":"https:\/\/api.w.org\/{rel}","templated":true}]}}