{"id":2,"date":"2023-11-06T11:37:53","date_gmt":"2023-11-06T11:37:53","guid":{"rendered":"https:\/\/altes-hinterhaeusel.de\/hotel\/?page_id=2"},"modified":"2026-03-05T09:37:21","modified_gmt":"2026-03-05T09:37:21","slug":"sample-page","status":"publish","type":"page","link":"https:\/\/altes-hinterhaeusel.de\/hotel\/","title":{"rendered":"hotel b&#038;b altes hinterh\u00e4usel"},"content":{"rendered":"\n<figure class=\"wp-block-video\"><video autoplay controls loop muted preload=\"auto\" src=\"https:\/\/altes-hinterhaeusel.de\/hotel\/wp-content\/uploads\/2025\/06\/ahhv02.mp4\" playsinline><\/video><\/figure>\n\n\n\n\n\n<h2 class=\"wp-block-heading has-text-align-center\">Das reichste Mahl ist freudenleer, <br>wenn nicht des Wirtes Zuspruch und Gesch\u00e4ftigkeit den G\u00e4sten zeigt,<br>da\u00df sie willkommen sind.<br>William Shakespeare<\/h2>\n\n\n\n<p>Unser b&amp;b befindet sich im unteren Stadtteil von Freiberg, dem sogenannten Nikolai-Viertel am M\u00fchlgraben. Es ist der \u00e4lteste Teil der Stadt, in dem der erste Silberfund <a href=\"https:\/\/altes-hinterhaeusel.de\/hotel\/index.php\/geschichte\/\" data-type=\"page\" data-id=\"48\">Geschichte<\/a> geschrieben hat. Ein paar Schritte entfernt finden Sie die historischen Gerberh\u00e4user, in denen unter anderem Tierh\u00e4ute f\u00fcr die Bekleidung der Bergleute gegerbt wurden. Daf\u00fcr wurde das Wasser aus dem M\u00fchlgraben verwendet. Mittlerweile ist er jedoch verrohrt.<\/p>\n\n\n\n<p>2023 war es dann auch nach 10 Jahren Bauzeit soweit. Das b&amp;b altes hinterh\u00e4usel \u00f6ffnete nach einer umfangreichen Grundsanierung seine Pforten.<\/p>\n\n\n\n<p>Lassen Sie sich einladen und freuen Sie sich auf einen Besuch in unseren historischen Geb\u00e4uden.<\/p>\n\n\n\n<p>Das hotel b&amp;b altes hinterh\u00e4usel begr\u00fc\u00dft Sie in Freiberg, 34 km von der Albrechtsburg Mei\u00dfen und 35 km von der Oper Chemnitz entfernt. Dieses 3-Sterne-Hotel bietet kostenfreies WLAN, einen Garten und eine Terrasse. Privatparkpl\u00e4tze k\u00f6nnen gegen Aufpreis arrangiert werden.<\/p>\n\n\n\n<p>Die Zimmer im Hotel sind mit einem Sitzbereich, einem Flachbild-Sat-TV, einem Safe und einem eigenen Bad mit einer Dusche, kostenfreien Pflegeprodukten und einem Haartrockner und mit einer Kaffeemaschine ausgestattet. Ausgew\u00e4hlte Zimmer verf\u00fcgen \u00fcber einen Balkon und andere bieten Gartenblick. Jedes Zimmer im hotel b&amp;b altes hinterh\u00e4usel ist mit Bettw\u00e4sche und Handt\u00fcchern ausgestattet.<\/p>\n\n\n\n<p>Bitte beachten Sie, dass aus Brandschutzgr\u00fcnden auf Balkonen und Terrassen das Rauchen nicht erlaubt ist. Es stehen jedoch \u00fcberdachte Raucherbereiche sowie Aschenbecher in unserem Garten bereit.<\/p>\n\n\n\n<p>Morgens steht in der Unterkunft ein Fr\u00fchst\u00fccksbuffet f\u00fcr Sie bereit.<\/p>\n\n\n\n<p>Der Hauptbahnhof Chemnitz liegt 36 km vom Hotel b&amp;b altes hinterh\u00e4usel entfernt und das Playhouse Chemnitz erreichen Sie ebenfalls nach 36 km. Der n\u00e4chstgelegene Flughafen ist der 52 km vom Hotel entfernte Flughafen Dresden.<\/p>\n\n\n\n<p class=\"has-text-align-center has-large-font-size\"><strong><a href=\"https:\/\/reservation.one.dirs21.de\/altes-hinterhaeuselde?range=2026-03-05,2026-03-06&amp;sets=[{%22uuid%22:%223b610bdd-eb36-42bb-9631-15fc9bce17dd%22,%22occupancy%22:{%22adultCount%22:2,%22children%22:[]}}]&amp;los=1\" target=\"_blank\" rel=\"noreferrer noopener\">Buchen Sie jetzt und wir w\u00fcnschen einen angenehmen Aufenthalt!<\/a><\/strong><\/p>\n","protected":false},"excerpt":{"rendered":"<p>Das reichste Mahl ist freudenleer, wenn nicht des Wirtes Zuspruch und Gesch\u00e4ftigkeit den G\u00e4sten zeigt,da\u00df sie willkommen sind.William Shakespeare Unser b&amp;b befindet sich im unteren Stadtteil von Freiberg, dem sogenannten Nikolai-Viertel am M\u00fchlgraben. Es ist der \u00e4lteste Teil der Stadt, in dem der erste Silberfund Geschichte geschrieben hat. Ein paar Schritte entfernt finden Sie die [&hellip;]<\/p>\n","protected":false},"author":1,"featured_media":0,"parent":0,"menu_order":0,"comment_status":"closed","ping_status":"open","template":"","meta":{"ocean_post_layout":"","ocean_both_sidebars_style":"","ocean_both_sidebars_content_width":0,"ocean_both_sidebars_sidebars_width":0,"ocean_sidebar":"","ocean_second_sidebar":"","ocean_disable_margins":"enable","ocean_add_body_class":"","ocean_shortcode_before_top_bar":"","ocean_shortcode_after_top_bar":"","ocean_shortcode_before_header":"","ocean_shortcode_after_header":"","ocean_has_shortcode":"","ocean_shortcode_after_title":"","ocean_shortcode_before_footer_widgets":"","ocean_shortcode_after_footer_widgets":"","ocean_shortcode_before_footer_bottom":"","ocean_shortcode_after_footer_bottom":"","ocean_display_top_bar":"default","ocean_display_header":"default","ocean_header_style":"","ocean_center_header_left_menu":"","ocean_custom_header_template":"","ocean_custom_logo":0,"ocean_custom_retina_logo":0,"ocean_custom_logo_max_width":0,"ocean_custom_logo_tablet_max_width":0,"ocean_custom_logo_mobile_max_width":0,"ocean_custom_logo_max_height":0,"ocean_custom_logo_tablet_max_height":0,"ocean_custom_logo_mobile_max_height":0,"ocean_header_custom_menu":"","ocean_menu_typo_font_family":"","ocean_menu_typo_font_subset":"","ocean_menu_typo_font_size":0,"ocean_menu_typo_font_size_tablet":0,"ocean_menu_typo_font_size_mobile":0,"ocean_menu_typo_font_size_unit":"px","ocean_menu_typo_font_weight":"","ocean_menu_typo_font_weight_tablet":"","ocean_menu_typo_font_weight_mobile":"","ocean_menu_typo_transform":"","ocean_menu_typo_transform_tablet":"","ocean_menu_typo_transform_mobile":"","ocean_menu_typo_line_height":0,"ocean_menu_typo_line_height_tablet":0,"ocean_menu_typo_line_height_mobile":0,"ocean_menu_typo_line_height_unit":"","ocean_menu_typo_spacing":0,"ocean_menu_typo_spacing_tablet":0,"ocean_menu_typo_spacing_mobile":0,"ocean_menu_typo_spacing_unit":"","ocean_menu_link_color":"","ocean_menu_link_color_hover":"","ocean_menu_link_color_active":"","ocean_menu_link_background":"","ocean_menu_link_hover_background":"","ocean_menu_link_active_background":"","ocean_menu_social_links_bg":"","ocean_menu_social_hover_links_bg":"","ocean_menu_social_links_color":"","ocean_menu_social_hover_links_color":"","ocean_disable_title":"enable","ocean_disable_heading":"default","ocean_post_title":"","ocean_post_subheading":"Mitten in der Altstadt ein einzigartiger Ort","ocean_post_title_style":"default","ocean_post_title_background_color":"","ocean_post_title_background":0,"ocean_post_title_bg_image_position":"","ocean_post_title_bg_image_attachment":"","ocean_post_title_bg_image_repeat":"","ocean_post_title_bg_image_size":"","ocean_post_title_height":0,"ocean_post_title_bg_overlay":0.5,"ocean_post_title_bg_overlay_color":"","ocean_disable_breadcrumbs":"default","ocean_breadcrumbs_color":"","ocean_breadcrumbs_separator_color":"","ocean_breadcrumbs_links_color":"","ocean_breadcrumbs_links_hover_color":"","ocean_display_footer_widgets":"default","ocean_display_footer_bottom":"default","ocean_custom_footer_template":"","footnotes":""},"class_list":["post-2","page","type-page","status-publish","hentry","entry"],"_links":{"self":[{"href":"https:\/\/altes-hinterhaeusel.de\/hotel\/index.php\/wp-json\/wp\/v2\/pages\/2","targetHints":{"allow":["GET"]}}],"collection":[{"href":"https:\/\/altes-hinterhaeusel.de\/hotel\/index.php\/wp-json\/wp\/v2\/pages"}],"about":[{"href":"https:\/\/altes-hinterhaeusel.de\/hotel\/index.php\/wp-json\/wp\/v2\/types\/page"}],"author":[{"embeddable":true,"href":"https:\/\/altes-hinterhaeusel.de\/hotel\/index.php\/wp-json\/wp\/v2\/users\/1"}],"replies":[{"embeddable":true,"href":"https:\/\/altes-hinterhaeusel.de\/hotel\/index.php\/wp-json\/wp\/v2\/comments?post=2"}],"version-history":[{"count":37,"href":"https:\/\/altes-hinterhaeusel.de\/hotel\/index.php\/wp-json\/wp\/v2\/pages\/2\/revisions"}],"predecessor-version":[{"id":342,"href":"https:\/\/altes-hinterhaeusel.de\/hotel\/index.php\/wp-json\/wp\/v2\/pages\/2\/revisions\/342"}],"wp:attachment":[{"href":"https:\/\/altes-hinterhaeusel.de\/hotel\/index.php\/wp-json\/wp\/v2\/media?parent=2"}],"curies":[{"name":"wp","href":"https:\/\/api.w.org\/{rel}","templated":true}]}}